{"id":5690,"date":"2023-08-17T12:29:19","date_gmt":"2023-08-17T10:29:19","guid":{"rendered":"https:\/\/www.weltmont.com\/?page_id=5690"},"modified":"2025-11-21T19:09:26","modified_gmt":"2025-11-21T18:09:26","slug":"condiciones-de-envio","status":"publish","type":"page","link":"https:\/\/www.weltmont.com\/en\/condiciones-de-envio\/","title":{"rendered":"Terms and conditions of shipment"},"content":{"rendered":"<div data-elementor-type=\"wp-page\" data-elementor-id=\"5690\" class=\"elementor elementor-5690\">\n\t\t\t\t\t\t\t\t\t<section class=\"elementor-section elementor-top-section elementor-element elementor-element-70c24da5 elementor-section-boxed elementor-section-height-default elementor-section-height-default\" data-id=\"70c24da5\" data-element_type=\"section\">\n\t\t\t\t\t\t<div class=\"elementor-container elementor-column-gap-default\">\n\t\t\t\t\t<div class=\"elementor-column elementor-col-100 elementor-top-column elementor-element elementor-element-28656079\" data-id=\"28656079\" data-element_type=\"column\">\n\t\t\t<div class=\"elementor-widget-wrap elementor-element-populated\">\n\t\t\t\t\t\t\t\t<div class=\"elementor-element elementor-element-689c9e99 elementor-widget elementor-widget-heading\" data-id=\"689c9e99\" data-element_type=\"widget\" data-widget_type=\"heading.default\">\n\t\t\t\t<div class=\"elementor-widget-container\">\n\t\t\t<style>\/*! elementor - v3.14.0 - 26-06-2023 *\/\n.elementor-heading-title{padding:0;margin:0;line-height:1}.elementor-widget-heading .elementor-heading-title[class*=elementor-size-]>a{color:inherit;font-size:inherit;line-height:inherit}.elementor-widget-heading .elementor-heading-title.elementor-size-small{font-size:15px}.elementor-widget-heading .elementor-heading-title.elementor-size-medium{font-size:19px}.elementor-widget-heading .elementor-heading-title.elementor-size-large{font-size:29px}.elementor-widget-heading .elementor-heading-title.elementor-size-xl{font-size:39px}.elementor-widget-heading .elementor-heading-title.elementor-size-xxl{font-size:59px}<\/style><h2 class=\"elementor-heading-title elementor-size-default\">Terms and conditions of shipment<\/h2>\t\t<\/div>\n\t\t\t\t<\/div>\n\t\t\t\t\t<\/div>\n\t\t<\/div>\n\t\t\t\t\t\t\t<\/div>\n\t\t<\/section>\n\t\t\t\t<section class=\"elementor-section elementor-top-section elementor-element elementor-element-1eb58064 elementor-section-boxed elementor-section-height-default elementor-section-height-default\" data-id=\"1eb58064\" data-element_type=\"section\">\n\t\t\t\t\t\t<div class=\"elementor-container elementor-column-gap-default\">\n\t\t\t\t\t<div class=\"elementor-column elementor-col-100 elementor-top-column elementor-element elementor-element-7b6803cf\" data-id=\"7b6803cf\" data-element_type=\"column\">\n\t\t\t<div class=\"elementor-widget-wrap elementor-element-populated\">\n\t\t\t\t\t\t\t\t<div class=\"elementor-element elementor-element-6046699e elementor-widget elementor-widget-html\" data-id=\"6046699e\" data-element_type=\"widget\" data-widget_type=\"html.default\">\n\t\t\t\t<div class=\"elementor-widget-container\">\n\t\t\t<table class=\"default\">\r\n\r\n  <tr>\r\n\r\n    <td><\/td>\r\n\r\n    <td style=\"font-weight: bold;\">Minimum order (price excl. VAT)<\/td>\r\n\r\n    <td style=\"font-weight: bold;\">Shipping costs (if minimum order is not covered)<\/td>\r\n    \r\n    <td style=\"font-weight: bold;\">Estimated delivery time<\/td>\r\n\r\n  <\/tr>\r\n\r\n  <tr>\r\n\r\n    <td style=\"font-weight: bold;\">Pen\u00ednsula<\/td>\r\n\r\n    <td>0,00\u20ac<\/td>\r\n\r\n    <td>0,00\u20ac<\/td>\r\n    \r\n    <td>1-2 working days (delivery before 14:00)<\/td>\r\n\r\n  <\/tr>\r\n  \r\n  <tr>\r\n\r\n    <td style=\"font-weight: bold;\">Portugal<\/td>\r\n\r\n    <td>0,00\u20ac<\/td>\r\n\r\n    <td>0,00\u20ac<\/td>\r\n    \r\n    <td>1-2 working days (delivery before 14:00)<\/td>\r\n\r\n  <\/tr>\r\n  \r\n  <tr>\r\n\r\n    <td style=\"font-weight: bold;\">Ceuta y Melilla<\/td>\r\n\r\n    <td>300,00\u20ac<\/td>\r\n\r\n    <td>47,00\u20ac<\/td>\r\n    \r\n    <td>2-4 working days (delivery before 14:00)<\/td>\r\n\r\n  <\/tr>\r\n  \r\n  <tr>\r\n\r\n    <td style=\"font-weight: bold;\">Canarias<\/td>\r\n\r\n    <td>260,00\u20ac<\/td>\r\n\r\n    <td>40,00\u20ac<\/td>\r\n    \r\n    <td>3-5 working days (delivery before 14:00)<\/td>\r\n\r\n  <\/tr>\r\n  \r\n  <tr>\r\n\r\n    <td style=\"font-weight: bold;\">Baleares<\/td>\r\n\r\n    <td>75,00\u20ac<\/td>\r\n\r\n    <td>8,00\u20ac<\/td>\r\n    \r\n    <td>2-4 working days (delivery before 14:00)<\/td>\r\n\r\n  <\/tr>\r\n  \r\n  <tr>\r\n\r\n    <td style=\"font-weight: bold;\">Azores y Madeira<\/td>\r\n\r\n    <td>250,00\u20ac<\/td>\r\n\r\n    <td>39,00\u20ac<\/td>\r\n    \r\n    <td>3-5 working days (delivery before 14:00)<\/td>\r\n\r\n  <\/tr>\r\n  \r\n  <tr>\r\n\r\n    <td style=\"font-weight: bold;\">Francia<\/td>\r\n\r\n    <td>105,00\u20ac<\/td>\r\n\r\n    <td>17,00\u20ac<\/td>\r\n    \r\n    <td>2-4 working days<\/td>\r\n\r\n  <\/tr>\r\n\r\n<\/table>\t\t<\/div>\n\t\t\t\t<\/div>\n\t\t\t\t\t<\/div>\n\t\t<\/div>\n\t\t\t\t\t\t\t<\/div>\n\t\t<\/section>\n\t\t\t\t\t\t\t<\/div>","protected":false},"excerpt":{"rendered":"<p>Condiciones de env\u00edo Pedido m\u00ednimo (sobre precio sin IVA) Gastos de env\u00edo (si no se cubre pedido m\u00ednimo) Plazo estimado de entrega Pen\u00ednsula 0,00\u20ac 0,00\u20ac 1-2 d\u00edas laborables (entrega antes de las 14:00) Portugal 0,00\u20ac 0,00\u20ac 1-2 d\u00edas laborables (entrega antes de las 14:00) Ceuta y Melilla 300,00\u20ac 47,00\u20ac 2-4 d\u00edas laborables (entrega antes de &hellip;<\/p>\n<p class=\"read-more\"> <a class=\"\" href=\"https:\/\/www.weltmont.com\/en\/condiciones-de-envio\/\"> <span class=\"screen-reader-text\">Terms and conditions of shipment<\/span> Read More &raquo;<\/a><\/p>","protected":false},"author":1,"featured_media":0,"parent":0,"menu_order":0,"comment_status":"closed","ping_status":"closed","template":"","meta":{"site-sidebar-layout":"no-sidebar","site-content-layout":"page-builder","ast-global-header-display":"","ast-banner-title-visibility":"","ast-main-header-display":"","ast-hfb-above-header-display":"","ast-hfb-below-header-display":"","ast-hfb-mobile-header-display":"","site-post-title":"disabled","ast-breadcrumbs-content":"","ast-featured-img":"disabled","footer-sml-layout":"","theme-transparent-header-meta":"","adv-header-id-meta":"","stick-header-meta":"","header-above-stick-meta":"","header-main-stick-meta":"","header-below-stick-meta":"","footnotes":""},"class_list":["post-5690","page","type-page","status-publish","hentry"],"yoast_head":"<!-- This site is optimized with the Yoast SEO plugin v25.1 - https:\/\/yoast.com\/wordpress\/plugins\/seo\/ -->\n<title>Condiciones de env\u00edo - Laboratorios Weltmont<\/title>\n<meta name=\"robots\" content=\"index, follow, max-snippet:-1, max-image-preview:large, max-video-preview:-1\" \/>\n<link rel=\"canonical\" href=\"https:\/\/www.weltmont.com\/en\/condiciones-de-envio\/\" \/>\n<meta property=\"og:locale\" content=\"en_US\" \/>\n<meta property=\"og:type\" content=\"article\" \/>\n<meta property=\"og:title\" content=\"Condiciones de env\u00edo - Laboratorios Weltmont\" \/>\n<meta property=\"og:description\" content=\"Condiciones de env\u00edo Pedido m\u00ednimo (sobre precio sin IVA) Gastos de env\u00edo (si no se cubre pedido m\u00ednimo) Plazo estimado de entrega Pen\u00ednsula 0,00\u20ac 0,00\u20ac 1-2 d\u00edas laborables (entrega antes de las 14:00) Portugal 0,00\u20ac 0,00\u20ac 1-2 d\u00edas laborables (entrega antes de las 14:00) Ceuta y Melilla 300,00\u20ac 47,00\u20ac 2-4 d\u00edas laborables (entrega antes de &hellip; Condiciones de env\u00edo Read More &raquo;\" \/>\n<meta property=\"og:url\" content=\"https:\/\/www.weltmont.com\/en\/condiciones-de-envio\/\" \/>\n<meta property=\"og:site_name\" content=\"Laboratorios Weltmont\" \/>\n<meta property=\"article:publisher\" content=\"https:\/\/www.facebook.com\/laboratoriosweltmont\" \/>\n<meta property=\"article:modified_time\" content=\"2025-11-21T18:09:26+00:00\" \/>\n<meta name=\"twitter:card\" content=\"summary_large_image\" \/>\n<meta name=\"twitter:label1\" content=\"Est. reading time\" \/>\n\t<meta name=\"twitter:data1\" content=\"1 minute\" \/>\n<script type=\"application\/ld+json\" class=\"yoast-schema-graph\">{\"@context\":\"https:\/\/schema.org\",\"@graph\":[{\"@type\":\"WebPage\",\"@id\":\"https:\/\/www.weltmont.com\/condiciones-de-envio\/\",\"url\":\"https:\/\/www.weltmont.com\/condiciones-de-envio\/\",\"name\":\"Condiciones de env\u00edo - Laboratorios Weltmont\",\"isPartOf\":{\"@id\":\"https:\/\/www.weltmont.com\/#website\"},\"datePublished\":\"2023-08-17T10:29:19+00:00\",\"dateModified\":\"2025-11-21T18:09:26+00:00\",\"breadcrumb\":{\"@id\":\"https:\/\/www.weltmont.com\/condiciones-de-envio\/#breadcrumb\"},\"inLanguage\":\"en-US\",\"potentialAction\":[{\"@type\":\"ReadAction\",\"target\":[\"https:\/\/www.weltmont.com\/condiciones-de-envio\/\"]}]},{\"@type\":\"BreadcrumbList\",\"@id\":\"https:\/\/www.weltmont.com\/condiciones-de-envio\/#breadcrumb\",\"itemListElement\":[{\"@type\":\"ListItem\",\"position\":1,\"name\":\"Portada\",\"item\":\"https:\/\/www.weltmont.com\/\"},{\"@type\":\"ListItem\",\"position\":2,\"name\":\"Condiciones de env\u00edo\"}]},{\"@type\":\"WebSite\",\"@id\":\"https:\/\/www.weltmont.com\/#website\",\"url\":\"https:\/\/www.weltmont.com\/\",\"name\":\"Laboratorios Weltmont\",\"description\":\"Pioneros en el desarrollo de paraprobi\u00f3ticos\",\"publisher\":{\"@id\":\"https:\/\/www.weltmont.com\/#organization\"},\"potentialAction\":[{\"@type\":\"SearchAction\",\"target\":{\"@type\":\"EntryPoint\",\"urlTemplate\":\"https:\/\/www.weltmont.com\/?s={search_term_string}\"},\"query-input\":{\"@type\":\"PropertyValueSpecification\",\"valueRequired\":true,\"valueName\":\"search_term_string\"}}],\"inLanguage\":\"en-US\"},{\"@type\":\"Organization\",\"@id\":\"https:\/\/www.weltmont.com\/#organization\",\"name\":\"Laboratorios Weltmont\",\"url\":\"https:\/\/www.weltmont.com\/\",\"logo\":{\"@type\":\"ImageObject\",\"inLanguage\":\"en-US\",\"@id\":\"https:\/\/www.weltmont.com\/#\/schema\/logo\/image\/\",\"url\":\"https:\/\/www.weltmont.com\/wp-content\/uploads\/2023\/07\/cropped-Welmont.png\",\"contentUrl\":\"https:\/\/www.weltmont.com\/wp-content\/uploads\/2023\/07\/cropped-Welmont.png\",\"width\":567,\"height\":203,\"caption\":\"Laboratorios Weltmont\"},\"image\":{\"@id\":\"https:\/\/www.weltmont.com\/#\/schema\/logo\/image\/\"},\"sameAs\":[\"https:\/\/www.facebook.com\/laboratoriosweltmont\"]}]}<\/script>\n<!-- \/ Yoast SEO plugin. -->","yoast_head_json":{"title":"Condiciones de env\u00edo - Laboratorios Weltmont","robots":{"index":"index","follow":"follow","max-snippet":"max-snippet:-1","max-image-preview":"max-image-preview:large","max-video-preview":"max-video-preview:-1"},"canonical":"https:\/\/www.weltmont.com\/en\/condiciones-de-envio\/","og_locale":"en_US","og_type":"article","og_title":"Condiciones de env\u00edo - Laboratorios Weltmont","og_description":"Condiciones de env\u00edo Pedido m\u00ednimo (sobre precio sin IVA) Gastos de env\u00edo (si no se cubre pedido m\u00ednimo) Plazo estimado de entrega Pen\u00ednsula 0,00\u20ac 0,00\u20ac 1-2 d\u00edas laborables (entrega antes de las 14:00) Portugal 0,00\u20ac 0,00\u20ac 1-2 d\u00edas laborables (entrega antes de las 14:00) Ceuta y Melilla 300,00\u20ac 47,00\u20ac 2-4 d\u00edas laborables (entrega antes de &hellip; Condiciones de env\u00edo Read More &raquo;","og_url":"https:\/\/www.weltmont.com\/en\/condiciones-de-envio\/","og_site_name":"Laboratorios Weltmont","article_publisher":"https:\/\/www.facebook.com\/laboratoriosweltmont","article_modified_time":"2025-11-21T18:09:26+00:00","twitter_card":"summary_large_image","twitter_misc":{"Est. reading time":"1 minute"},"schema":{"@context":"https:\/\/schema.org","@graph":[{"@type":"WebPage","@id":"https:\/\/www.weltmont.com\/condiciones-de-envio\/","url":"https:\/\/www.weltmont.com\/condiciones-de-envio\/","name":"Condiciones de env\u00edo - Laboratorios Weltmont","isPartOf":{"@id":"https:\/\/www.weltmont.com\/#website"},"datePublished":"2023-08-17T10:29:19+00:00","dateModified":"2025-11-21T18:09:26+00:00","breadcrumb":{"@id":"https:\/\/www.weltmont.com\/condiciones-de-envio\/#breadcrumb"},"inLanguage":"en-US","potentialAction":[{"@type":"ReadAction","target":["https:\/\/www.weltmont.com\/condiciones-de-envio\/"]}]},{"@type":"BreadcrumbList","@id":"https:\/\/www.weltmont.com\/condiciones-de-envio\/#breadcrumb","itemListElement":[{"@type":"ListItem","position":1,"name":"Portada","item":"https:\/\/www.weltmont.com\/"},{"@type":"ListItem","position":2,"name":"Condiciones de env\u00edo"}]},{"@type":"WebSite","@id":"https:\/\/www.weltmont.com\/#website","url":"https:\/\/www.weltmont.com\/","name":"Laboratorios Weltmont","description":"Pioneros en el desarrollo de paraprobi\u00f3ticos","publisher":{"@id":"https:\/\/www.weltmont.com\/#organization"},"potentialAction":[{"@type":"SearchAction","target":{"@type":"EntryPoint","urlTemplate":"https:\/\/www.weltmont.com\/?s={search_term_string}"},"query-input":{"@type":"PropertyValueSpecification","valueRequired":true,"valueName":"search_term_string"}}],"inLanguage":"en-US"},{"@type":"Organization","@id":"https:\/\/www.weltmont.com\/#organization","name":"Laboratorios Weltmont","url":"https:\/\/www.weltmont.com\/","logo":{"@type":"ImageObject","inLanguage":"en-US","@id":"https:\/\/www.weltmont.com\/#\/schema\/logo\/image\/","url":"https:\/\/www.weltmont.com\/wp-content\/uploads\/2023\/07\/cropped-Welmont.png","contentUrl":"https:\/\/www.weltmont.com\/wp-content\/uploads\/2023\/07\/cropped-Welmont.png","width":567,"height":203,"caption":"Laboratorios Weltmont"},"image":{"@id":"https:\/\/www.weltmont.com\/#\/schema\/logo\/image\/"},"sameAs":["https:\/\/www.facebook.com\/laboratoriosweltmont"]}]}},"_links":{"self":[{"href":"https:\/\/www.weltmont.com\/en\/wp-json\/wp\/v2\/pages\/5690","targetHints":{"allow":["GET"]}}],"collection":[{"href":"https:\/\/www.weltmont.com\/en\/wp-json\/wp\/v2\/pages"}],"about":[{"href":"https:\/\/www.weltmont.com\/en\/wp-json\/wp\/v2\/types\/page"}],"author":[{"embeddable":true,"href":"https:\/\/www.weltmont.com\/en\/wp-json\/wp\/v2\/users\/1"}],"replies":[{"embeddable":true,"href":"https:\/\/www.weltmont.com\/en\/wp-json\/wp\/v2\/comments?post=5690"}],"version-history":[{"count":10,"href":"https:\/\/www.weltmont.com\/en\/wp-json\/wp\/v2\/pages\/5690\/revisions"}],"predecessor-version":[{"id":6742,"href":"https:\/\/www.weltmont.com\/en\/wp-json\/wp\/v2\/pages\/5690\/revisions\/6742"}],"wp:attachment":[{"href":"https:\/\/www.weltmont.com\/en\/wp-json\/wp\/v2\/media?parent=5690"}],"curies":[{"name":"wp","href":"https:\/\/api.w.org\/{rel}","templated":true}]}}