{"id":5698,"date":"2023-08-17T12:31:12","date_gmt":"2023-08-17T10:31:12","guid":{"rendered":"https:\/\/www.weltmont.com\/?page_id=5698"},"modified":"2025-11-13T12:37:18","modified_gmt":"2025-11-13T11:37:18","slug":"aviso-legal","status":"publish","type":"page","link":"https:\/\/www.weltmont.com\/en\/aviso-legal\/","title":{"rendered":"Legal Notice"},"content":{"rendered":"<div data-elementor-type=\"wp-page\" data-elementor-id=\"5698\" class=\"elementor elementor-5698\">\n\t\t\t\t\t\t\t\t\t<section class=\"elementor-section elementor-top-section elementor-element elementor-element-3e290a88 elementor-section-boxed elementor-section-height-default elementor-section-height-default\" data-id=\"3e290a88\" data-element_type=\"section\" data-settings=\"{&quot;background_background&quot;:&quot;classic&quot;}\">\n\t\t\t\t\t\t<div class=\"elementor-container elementor-column-gap-default\">\n\t\t\t\t\t<div class=\"elementor-column elementor-col-100 elementor-top-column elementor-element elementor-element-37558ba8\" data-id=\"37558ba8\" data-element_type=\"column\">\n\t\t\t<div class=\"elementor-widget-wrap elementor-element-populated\">\n\t\t\t\t\t\t\t\t<div class=\"elementor-element elementor-element-21cf295f elementor-widget elementor-widget-heading\" data-id=\"21cf295f\" data-element_type=\"widget\" data-widget_type=\"heading.default\">\n\t\t\t\t<div class=\"elementor-widget-container\">\n\t\t\t<style>\/*! elementor - v3.14.0 - 26-06-2023 *\/\n.elementor-heading-title{padding:0;margin:0;line-height:1}.elementor-widget-heading .elementor-heading-title[class*=elementor-size-]>a{color:inherit;font-size:inherit;line-height:inherit}.elementor-widget-heading .elementor-heading-title.elementor-size-small{font-size:15px}.elementor-widget-heading .elementor-heading-title.elementor-size-medium{font-size:19px}.elementor-widget-heading .elementor-heading-title.elementor-size-large{font-size:29px}.elementor-widget-heading .elementor-heading-title.elementor-size-xl{font-size:39px}.elementor-widget-heading .elementor-heading-title.elementor-size-xxl{font-size:59px}<\/style><h2 class=\"elementor-heading-title elementor-size-default\">Legal Notice<\/h2>\t\t<\/div>\n\t\t\t\t<\/div>\n\t\t\t\t\t<\/div>\n\t\t<\/div>\n\t\t\t\t\t\t\t<\/div>\n\t\t<\/section>\n\t\t\t\t<section class=\"elementor-section elementor-top-section elementor-element elementor-element-e413c10 elementor-section-boxed elementor-section-height-default elementor-section-height-default\" data-id=\"e413c10\" data-element_type=\"section\" data-settings=\"{&quot;background_background&quot;:&quot;classic&quot;}\">\n\t\t\t\t\t\t<div class=\"elementor-container elementor-column-gap-default\">\n\t\t\t\t\t<div class=\"elementor-column elementor-col-100 elementor-top-column elementor-element elementor-element-3ae1e2bb\" data-id=\"3ae1e2bb\" data-element_type=\"column\">\n\t\t\t<div class=\"elementor-widget-wrap elementor-element-populated\">\n\t\t\t\t\t\t\t\t<div class=\"elementor-element elementor-element-5fad1987 elementor-widget elementor-widget-text-editor\" data-id=\"5fad1987\" data-element_type=\"widget\" data-widget_type=\"text-editor.default\">\n\t\t\t\t<div class=\"elementor-widget-container\">\n\t\t\t<style>\/*! elementor - v3.14.0 - 26-06-2023 *\/\n.elementor-widget-text-editor.elementor-drop-cap-view-stacked .elementor-drop-cap{background-color:#69727d;color:#fff}.elementor-widget-text-editor.elementor-drop-cap-view-framed .elementor-drop-cap{color:#69727d;border:3px solid;background-color:transparent}.elementor-widget-text-editor:not(.elementor-drop-cap-view-default) .elementor-drop-cap{margin-top:8px}.elementor-widget-text-editor:not(.elementor-drop-cap-view-default) .elementor-drop-cap-letter{width:1em;height:1em}.elementor-widget-text-editor .elementor-drop-cap{float:left;text-align:center;line-height:1;font-size:50px}.elementor-widget-text-editor .elementor-drop-cap-letter{display:inline-block}<\/style>\t\t\t\t<p>This website https:\/\/www.weltmont.com is owned and managed by Laboratorios Weltmont, SL (hereinafter Weltmont) whose legal representative is Francisco Exp\u00f3sito Mesa and whose full details are as follows:<\/p><p>CORPORATE NAME: Weltmont, SL<\/p><ul><li>Registered Office: Calle Vel\u00e1zquez, 10, 1\u00ba; Madrid (Madrid); 28001<\/li><li>E-mail: weltmont@weltmont.com<\/li><li>Contact telephone number: +34 678 477 902<\/li><li>Horario de atenci\u00f3n: de lunes a viernes de 7:30 a 15:30 y de 17:00 a 19:00<\/li><li>Registration data: Company registered in the Mercantile Registry of Madrid, Reference 401867, Volume 38181, Folio 115, Section 8, Page M-679396.<\/li><li>Tax identification number: B88155676<\/li><\/ul><p>For the resolution of all disputes or questions related to this website or the activities carried out therein, Spanish law shall apply, to which the parties expressly submit themselves, and the Courts and Tribunals of C\u00f3rdoba shall be competent for the resolution of conflicts arising from or related to its use, except in the case of application of the specific regulations on the protection of consumers and users.<\/p><p>For online dispute resolution pursuant to Art.14.1 of Regulation (EU) 524\/2013: the European Commission provides an online dispute resolution platform, which is available at the following link: https:\/\/ec.europa.eu\/consumers\/odr\/.<\/p>\t\t\t\t\t\t<\/div>\n\t\t\t\t<\/div>\n\t\t\t\t\t<\/div>\n\t\t<\/div>\n\t\t\t\t\t\t\t<\/div>\n\t\t<\/section>\n\t\t\t\t\t\t\t<\/div>","protected":false},"excerpt":{"rendered":"<p>Aviso legal El presente sitio web https:\/\/www.weltmont.com es propiedad y est\u00e1 gestionado por Laboratorios Weltmont, SL (en adelante Weltmont) cuyo representante legal es Francisco Exp\u00f3sito Mesa y cuyos datos completos son los siguientes: DENOMINACI\u00d3N SOCIAL: Weltmont, SL Domicilio social: Calle Vel\u00e1zquez, 10, 1\u00ba; Madrid (Madrid); 28001 E-mail: weltmont@weltmont.com Tel\u00e9fono de contacto: +34 678 477 902 &hellip;<\/p>\n<p class=\"read-more\"> <a class=\"\" href=\"https:\/\/www.weltmont.com\/en\/aviso-legal\/\"> <span class=\"screen-reader-text\">Legal Notice<\/span> Read More &raquo;<\/a><\/p>","protected":false},"author":1,"featured_media":0,"parent":0,"menu_order":0,"comment_status":"closed","ping_status":"closed","template":"","meta":{"site-sidebar-layout":"no-sidebar","site-content-layout":"page-builder","ast-global-header-display":"","ast-banner-title-visibility":"","ast-main-header-display":"","ast-hfb-above-header-display":"","ast-hfb-below-header-display":"","ast-hfb-mobile-header-display":"","site-post-title":"disabled","ast-breadcrumbs-content":"","ast-featured-img":"disabled","footer-sml-layout":"","theme-transparent-header-meta":"","adv-header-id-meta":"","stick-header-meta":"","header-above-stick-meta":"","header-main-stick-meta":"","header-below-stick-meta":"","footnotes":""},"class_list":["post-5698","page","type-page","status-publish","hentry"],"yoast_head":"<!-- This site is optimized with the Yoast SEO plugin v25.1 - https:\/\/yoast.com\/wordpress\/plugins\/seo\/ -->\n<title>Aviso legal - Laboratorios Weltmont<\/title>\n<meta name=\"robots\" content=\"index, follow, max-snippet:-1, max-image-preview:large, max-video-preview:-1\" \/>\n<link rel=\"canonical\" href=\"https:\/\/www.weltmont.com\/en\/aviso-legal\/\" \/>\n<meta property=\"og:locale\" content=\"en_US\" \/>\n<meta property=\"og:type\" content=\"article\" \/>\n<meta property=\"og:title\" content=\"Aviso legal - Laboratorios Weltmont\" \/>\n<meta property=\"og:description\" content=\"Aviso legal El presente sitio web https:\/\/www.weltmont.com es propiedad y est\u00e1 gestionado por Laboratorios Weltmont, SL (en adelante Weltmont) cuyo representante legal es Francisco Exp\u00f3sito Mesa y cuyos datos completos son los siguientes: DENOMINACI\u00d3N SOCIAL: Weltmont, SL Domicilio social: Calle Vel\u00e1zquez, 10, 1\u00ba; Madrid (Madrid); 28001 E-mail: weltmont@weltmont.com Tel\u00e9fono de contacto: +34 678 477 902 &hellip; Aviso legal Read More &raquo;\" \/>\n<meta property=\"og:url\" content=\"https:\/\/www.weltmont.com\/en\/aviso-legal\/\" \/>\n<meta property=\"og:site_name\" content=\"Laboratorios Weltmont\" \/>\n<meta property=\"article:publisher\" content=\"https:\/\/www.facebook.com\/laboratoriosweltmont\" \/>\n<meta property=\"article:modified_time\" content=\"2025-11-13T11:37:18+00:00\" \/>\n<meta name=\"twitter:card\" content=\"summary_large_image\" \/>\n<meta name=\"twitter:label1\" content=\"Est. reading time\" \/>\n\t<meta name=\"twitter:data1\" content=\"1 minute\" \/>\n<script type=\"application\/ld+json\" class=\"yoast-schema-graph\">{\"@context\":\"https:\/\/schema.org\",\"@graph\":[{\"@type\":\"WebPage\",\"@id\":\"https:\/\/www.weltmont.com\/aviso-legal\/\",\"url\":\"https:\/\/www.weltmont.com\/aviso-legal\/\",\"name\":\"Aviso legal - Laboratorios Weltmont\",\"isPartOf\":{\"@id\":\"https:\/\/www.weltmont.com\/#website\"},\"datePublished\":\"2023-08-17T10:31:12+00:00\",\"dateModified\":\"2025-11-13T11:37:18+00:00\",\"breadcrumb\":{\"@id\":\"https:\/\/www.weltmont.com\/aviso-legal\/#breadcrumb\"},\"inLanguage\":\"en-US\",\"potentialAction\":[{\"@type\":\"ReadAction\",\"target\":[\"https:\/\/www.weltmont.com\/aviso-legal\/\"]}]},{\"@type\":\"BreadcrumbList\",\"@id\":\"https:\/\/www.weltmont.com\/aviso-legal\/#breadcrumb\",\"itemListElement\":[{\"@type\":\"ListItem\",\"position\":1,\"name\":\"Portada\",\"item\":\"https:\/\/www.weltmont.com\/\"},{\"@type\":\"ListItem\",\"position\":2,\"name\":\"Aviso legal\"}]},{\"@type\":\"WebSite\",\"@id\":\"https:\/\/www.weltmont.com\/#website\",\"url\":\"https:\/\/www.weltmont.com\/\",\"name\":\"Laboratorios Weltmont\",\"description\":\"Pioneros en el desarrollo de paraprobi\u00f3ticos\",\"publisher\":{\"@id\":\"https:\/\/www.weltmont.com\/#organization\"},\"potentialAction\":[{\"@type\":\"SearchAction\",\"target\":{\"@type\":\"EntryPoint\",\"urlTemplate\":\"https:\/\/www.weltmont.com\/?s={search_term_string}\"},\"query-input\":{\"@type\":\"PropertyValueSpecification\",\"valueRequired\":true,\"valueName\":\"search_term_string\"}}],\"inLanguage\":\"en-US\"},{\"@type\":\"Organization\",\"@id\":\"https:\/\/www.weltmont.com\/#organization\",\"name\":\"Laboratorios Weltmont\",\"url\":\"https:\/\/www.weltmont.com\/\",\"logo\":{\"@type\":\"ImageObject\",\"inLanguage\":\"en-US\",\"@id\":\"https:\/\/www.weltmont.com\/#\/schema\/logo\/image\/\",\"url\":\"https:\/\/www.weltmont.com\/wp-content\/uploads\/2023\/07\/cropped-Welmont.png\",\"contentUrl\":\"https:\/\/www.weltmont.com\/wp-content\/uploads\/2023\/07\/cropped-Welmont.png\",\"width\":567,\"height\":203,\"caption\":\"Laboratorios Weltmont\"},\"image\":{\"@id\":\"https:\/\/www.weltmont.com\/#\/schema\/logo\/image\/\"},\"sameAs\":[\"https:\/\/www.facebook.com\/laboratoriosweltmont\"]}]}<\/script>\n<!-- \/ Yoast SEO plugin. -->","yoast_head_json":{"title":"Aviso legal - Laboratorios Weltmont","robots":{"index":"index","follow":"follow","max-snippet":"max-snippet:-1","max-image-preview":"max-image-preview:large","max-video-preview":"max-video-preview:-1"},"canonical":"https:\/\/www.weltmont.com\/en\/aviso-legal\/","og_locale":"en_US","og_type":"article","og_title":"Aviso legal - Laboratorios Weltmont","og_description":"Aviso legal El presente sitio web https:\/\/www.weltmont.com es propiedad y est\u00e1 gestionado por Laboratorios Weltmont, SL (en adelante Weltmont) cuyo representante legal es Francisco Exp\u00f3sito Mesa y cuyos datos completos son los siguientes: DENOMINACI\u00d3N SOCIAL: Weltmont, SL Domicilio social: Calle Vel\u00e1zquez, 10, 1\u00ba; Madrid (Madrid); 28001 E-mail: weltmont@weltmont.com Tel\u00e9fono de contacto: +34 678 477 902 &hellip; Aviso legal Read More &raquo;","og_url":"https:\/\/www.weltmont.com\/en\/aviso-legal\/","og_site_name":"Laboratorios Weltmont","article_publisher":"https:\/\/www.facebook.com\/laboratoriosweltmont","article_modified_time":"2025-11-13T11:37:18+00:00","twitter_card":"summary_large_image","twitter_misc":{"Est. reading time":"1 minute"},"schema":{"@context":"https:\/\/schema.org","@graph":[{"@type":"WebPage","@id":"https:\/\/www.weltmont.com\/aviso-legal\/","url":"https:\/\/www.weltmont.com\/aviso-legal\/","name":"Aviso legal - Laboratorios Weltmont","isPartOf":{"@id":"https:\/\/www.weltmont.com\/#website"},"datePublished":"2023-08-17T10:31:12+00:00","dateModified":"2025-11-13T11:37:18+00:00","breadcrumb":{"@id":"https:\/\/www.weltmont.com\/aviso-legal\/#breadcrumb"},"inLanguage":"en-US","potentialAction":[{"@type":"ReadAction","target":["https:\/\/www.weltmont.com\/aviso-legal\/"]}]},{"@type":"BreadcrumbList","@id":"https:\/\/www.weltmont.com\/aviso-legal\/#breadcrumb","itemListElement":[{"@type":"ListItem","position":1,"name":"Portada","item":"https:\/\/www.weltmont.com\/"},{"@type":"ListItem","position":2,"name":"Aviso legal"}]},{"@type":"WebSite","@id":"https:\/\/www.weltmont.com\/#website","url":"https:\/\/www.weltmont.com\/","name":"Laboratorios Weltmont","description":"Pioneros en el desarrollo de paraprobi\u00f3ticos","publisher":{"@id":"https:\/\/www.weltmont.com\/#organization"},"potentialAction":[{"@type":"SearchAction","target":{"@type":"EntryPoint","urlTemplate":"https:\/\/www.weltmont.com\/?s={search_term_string}"},"query-input":{"@type":"PropertyValueSpecification","valueRequired":true,"valueName":"search_term_string"}}],"inLanguage":"en-US"},{"@type":"Organization","@id":"https:\/\/www.weltmont.com\/#organization","name":"Laboratorios Weltmont","url":"https:\/\/www.weltmont.com\/","logo":{"@type":"ImageObject","inLanguage":"en-US","@id":"https:\/\/www.weltmont.com\/#\/schema\/logo\/image\/","url":"https:\/\/www.weltmont.com\/wp-content\/uploads\/2023\/07\/cropped-Welmont.png","contentUrl":"https:\/\/www.weltmont.com\/wp-content\/uploads\/2023\/07\/cropped-Welmont.png","width":567,"height":203,"caption":"Laboratorios Weltmont"},"image":{"@id":"https:\/\/www.weltmont.com\/#\/schema\/logo\/image\/"},"sameAs":["https:\/\/www.facebook.com\/laboratoriosweltmont"]}]}},"_links":{"self":[{"href":"https:\/\/www.weltmont.com\/en\/wp-json\/wp\/v2\/pages\/5698","targetHints":{"allow":["GET"]}}],"collection":[{"href":"https:\/\/www.weltmont.com\/en\/wp-json\/wp\/v2\/pages"}],"about":[{"href":"https:\/\/www.weltmont.com\/en\/wp-json\/wp\/v2\/types\/page"}],"author":[{"embeddable":true,"href":"https:\/\/www.weltmont.com\/en\/wp-json\/wp\/v2\/users\/1"}],"replies":[{"embeddable":true,"href":"https:\/\/www.weltmont.com\/en\/wp-json\/wp\/v2\/comments?post=5698"}],"version-history":[{"count":13,"href":"https:\/\/www.weltmont.com\/en\/wp-json\/wp\/v2\/pages\/5698\/revisions"}],"predecessor-version":[{"id":6733,"href":"https:\/\/www.weltmont.com\/en\/wp-json\/wp\/v2\/pages\/5698\/revisions\/6733"}],"wp:attachment":[{"href":"https:\/\/www.weltmont.com\/en\/wp-json\/wp\/v2\/media?parent=5698"}],"curies":[{"name":"wp","href":"https:\/\/api.w.org\/{rel}","templated":true}]}}