{"id":5706,"date":"2023-08-17T12:33:21","date_gmt":"2023-08-17T10:33:21","guid":{"rendered":"https:\/\/www.weltmont.com\/?page_id=5706"},"modified":"2023-08-17T12:35:18","modified_gmt":"2023-08-17T10:35:18","slug":"politica-de-privacidad","status":"publish","type":"page","link":"https:\/\/www.weltmont.com\/en\/politica-de-privacidad\/","title":{"rendered":"Privacy Policy"},"content":{"rendered":"<div data-elementor-type=\"wp-page\" data-elementor-id=\"5706\" class=\"elementor elementor-5706\">\n\t\t\t\t\t\t\t\t\t<section class=\"elementor-section elementor-top-section elementor-element elementor-element-471f6118 elementor-section-boxed elementor-section-height-default elementor-section-height-default\" data-id=\"471f6118\" data-element_type=\"section\" data-settings=\"{&quot;background_background&quot;:&quot;classic&quot;}\">\n\t\t\t\t\t\t<div class=\"elementor-container elementor-column-gap-default\">\n\t\t\t\t\t<div class=\"elementor-column elementor-col-100 elementor-top-column elementor-element elementor-element-61c11679\" data-id=\"61c11679\" data-element_type=\"column\">\n\t\t\t<div class=\"elementor-widget-wrap elementor-element-populated\">\n\t\t\t\t\t\t\t\t<div class=\"elementor-element elementor-element-7385aa9 elementor-widget elementor-widget-heading\" data-id=\"7385aa9\" data-element_type=\"widget\" data-widget_type=\"heading.default\">\n\t\t\t\t<div class=\"elementor-widget-container\">\n\t\t\t<style>\/*! elementor - v3.14.0 - 26-06-2023 *\/\n.elementor-heading-title{padding:0;margin:0;line-height:1}.elementor-widget-heading .elementor-heading-title[class*=elementor-size-]>a{color:inherit;font-size:inherit;line-height:inherit}.elementor-widget-heading .elementor-heading-title.elementor-size-small{font-size:15px}.elementor-widget-heading .elementor-heading-title.elementor-size-medium{font-size:19px}.elementor-widget-heading .elementor-heading-title.elementor-size-large{font-size:29px}.elementor-widget-heading .elementor-heading-title.elementor-size-xl{font-size:39px}.elementor-widget-heading .elementor-heading-title.elementor-size-xxl{font-size:59px}<\/style><h2 class=\"elementor-heading-title elementor-size-default\">Privacy Policy<\/h2>\t\t<\/div>\n\t\t\t\t<\/div>\n\t\t\t\t\t<\/div>\n\t\t<\/div>\n\t\t\t\t\t\t\t<\/div>\n\t\t<\/section>\n\t\t\t\t<section class=\"elementor-section elementor-top-section elementor-element elementor-element-238623d1 elementor-section-boxed elementor-section-height-default elementor-section-height-default\" data-id=\"238623d1\" data-element_type=\"section\" data-settings=\"{&quot;background_background&quot;:&quot;classic&quot;}\">\n\t\t\t\t\t\t<div class=\"elementor-container elementor-column-gap-default\">\n\t\t\t\t\t<div class=\"elementor-column elementor-col-100 elementor-top-column elementor-element elementor-element-61cb21ec\" data-id=\"61cb21ec\" data-element_type=\"column\">\n\t\t\t<div class=\"elementor-widget-wrap elementor-element-populated\">\n\t\t\t\t\t\t\t\t<div class=\"elementor-element elementor-element-596eeb3e elementor-widget elementor-widget-text-editor\" data-id=\"596eeb3e\" data-element_type=\"widget\" data-widget_type=\"text-editor.default\">\n\t\t\t\t<div class=\"elementor-widget-container\">\n\t\t\t<style>\/*! elementor - v3.14.0 - 26-06-2023 *\/\n.elementor-widget-text-editor.elementor-drop-cap-view-stacked .elementor-drop-cap{background-color:#69727d;color:#fff}.elementor-widget-text-editor.elementor-drop-cap-view-framed .elementor-drop-cap{color:#69727d;border:3px solid;background-color:transparent}.elementor-widget-text-editor:not(.elementor-drop-cap-view-default) .elementor-drop-cap{margin-top:8px}.elementor-widget-text-editor:not(.elementor-drop-cap-view-default) .elementor-drop-cap-letter{width:1em;height:1em}.elementor-widget-text-editor .elementor-drop-cap{float:left;text-align:center;line-height:1;font-size:50px}.elementor-widget-text-editor .elementor-drop-cap-letter{display:inline-block}<\/style>\t\t\t\t<p>In compliance with current data protection regulations, Weltmont, as the party responsible for the website, informs all users who provide or will provide their personal data, that these data will be subject to processing that has been registered among the processing activities of Weltmont, in accordance with the provisions of Article 30 of REGULATION (EU) 2016\/679 OF THE EUROPEAN PARLIAMENT AND OF THE COUNCIL of 27 April 2016 on the protection of natural persons with regard to the processing of personal data and on the free movement of such data and repealing Directive 95\/46\/EC (hereinafter referred to as GDPR).<\/p><p>Your data will be part of the personal data files that Weltmont whose purposes are:<\/p><p><strong>CUSTOMER FILE<\/strong><\/p><p>Pursuant to Art. 6, paragraph 1, subparagraph 1, letter a of the GDPR, if we have previously obtained your express consent to your registration for our newsletter, we will use the data necessary for this purpose to send commercial communications in accordance with this consent.<\/p><p>You can unsubscribe from the newsletter at any time by sending a message to our contact address described here or by clicking on the link provided for this purpose in the e-mail with such commercial communication.<\/p><p>After unsubscribing we block your e-mail address for this use, provided that you have not given your express consent for the data to continue to be used, or we reserve the right to continue to use your data in cases permitted by law and about which we inform you in this document.<\/p><p><strong>RIGHTS OF INTERESTED PARTIES<\/strong><\/p><p>As a data subject you have the following rights in accordance with the General Data Protection Regulation (GDPR):<\/p><ul><li>Pursuant to Art. 77 GDPR, you have the right to lodge a complaint with a supervisory authority. As a general rule, you can address your complaint to the supervisory authority of your usual place of residence or work or of our company's head office.<\/li><\/ul><p>In Spain:<\/p><p>Spanish Data Protection Agency (AEPD)<\/p><p>Calle Jorge Juan, 6<\/p><p>28001, Madrid (Madrid)<\/p><p>Phone: 901 100 099<\/p><p>https:\/\/www.aepd.es\/<\/p><p>Weltmont guarantees at all times to the user the exercise of their rights of access, rectification, limitation, deletion, cancellation, portability and opposition on the personal data provided, by writing to Weltmont, at the address given in the Legal Notice or through the email address weltmont@weltmont.com, accompanying in any case a copy of your national identity document.<\/p><p><strong>INTELLECTUAL AND INDUSTRIAL POLICY<\/strong><\/p><p>All contents, trademarks, designs, logos, icons, buttons, software, trade names, domain names, and any other signs or elements subject to protection by intellectual and industrial property rights that are part of this website are the property of Weltmont or third parties who have duly authorized their inclusion in it and who are listed as authors or holders of the rights.<\/p><p>The exploitation rights of the website are owned by Weltmont and are protected by Spanish Intellectual Property Laws and by the applicable laws of the country where it is used. The structure, organization and coding of the website constitute valuable trade secrets and confidential information of Weltmont. The user must therefore treat the web application in the same way as he\/she would any other material protected by intellectual property rights and may not copy them without the express written permission of their owners.<\/p><p>Under no circumstances shall it be understood that any license is granted or any waiver, transmission, total or partial transfer of said rights is made, nor is any right conferred, and in particular, of exploitation, reproduction, distribution, transformation or public communication of said contents without the prior express written authorization of Weltmont or of the corresponding third parties.<\/p><p>Trademarks should be used in accordance with trademark trade usage, including mentioning the name of the trademark owner.<\/p><p><strong>LINK POLICY<\/strong><\/p><p>Weltmont assumes no responsibility for links to other sites or web pages that, if any, may be included in the same, as it has no control over them, so the user accesses under his sole responsibility to the content and conditions of use governing the same, in the terms provided in art. 17 LSSICE.<\/p>\t\t\t\t\t\t<\/div>\n\t\t\t\t<\/div>\n\t\t\t\t\t<\/div>\n\t\t<\/div>\n\t\t\t\t\t\t\t<\/div>\n\t\t<\/section>\n\t\t\t\t\t\t\t<\/div>","protected":false},"excerpt":{"rendered":"<p>Pol\u00edtica de privacidad En cumplimiento de la normativa vigente en materia de protecci\u00f3n de datos, Weltmont, como responsable del sitio web, informa a todos los usuarios que faciliten o vayan a facilitar sus datos personales, que estos ser\u00e1n objeto de tratamiento que se haya registrado entre las actividades de tratamiento de Weltmont, conforme a lo &hellip;<\/p>\n<p class=\"read-more\"> <a class=\"\" href=\"https:\/\/www.weltmont.com\/en\/politica-de-privacidad\/\"> <span class=\"screen-reader-text\">Privacy Policy<\/span> Read More &raquo;<\/a><\/p>","protected":false},"author":1,"featured_media":0,"parent":0,"menu_order":0,"comment_status":"closed","ping_status":"closed","template":"","meta":{"site-sidebar-layout":"no-sidebar","site-content-layout":"page-builder","ast-global-header-display":"","ast-banner-title-visibility":"","ast-main-header-display":"","ast-hfb-above-header-display":"","ast-hfb-below-header-display":"","ast-hfb-mobile-header-display":"","site-post-title":"disabled","ast-breadcrumbs-content":"","ast-featured-img":"disabled","footer-sml-layout":"","theme-transparent-header-meta":"","adv-header-id-meta":"","stick-header-meta":"","header-above-stick-meta":"","header-main-stick-meta":"","header-below-stick-meta":"","footnotes":""},"class_list":["post-5706","page","type-page","status-publish","hentry"],"yoast_head":"<!-- This site is optimized with the Yoast SEO plugin v25.1 - https:\/\/yoast.com\/wordpress\/plugins\/seo\/ -->\n<title>Pol\u00edtica de privacidad - Laboratorios Weltmont<\/title>\n<meta name=\"robots\" content=\"index, follow, max-snippet:-1, max-image-preview:large, max-video-preview:-1\" \/>\n<link rel=\"canonical\" href=\"https:\/\/www.weltmont.com\/en\/politica-de-privacidad\/\" \/>\n<meta property=\"og:locale\" content=\"en_US\" \/>\n<meta property=\"og:type\" content=\"article\" \/>\n<meta property=\"og:title\" content=\"Pol\u00edtica de privacidad - Laboratorios Weltmont\" \/>\n<meta property=\"og:description\" content=\"Pol\u00edtica de privacidad En cumplimiento de la normativa vigente en materia de protecci\u00f3n de datos, Weltmont, como responsable del sitio web, informa a todos los usuarios que faciliten o vayan a facilitar sus datos personales, que estos ser\u00e1n objeto de tratamiento que se haya registrado entre las actividades de tratamiento de Weltmont, conforme a lo &hellip; Pol\u00edtica de privacidad Read More &raquo;\" \/>\n<meta property=\"og:url\" content=\"https:\/\/www.weltmont.com\/en\/politica-de-privacidad\/\" \/>\n<meta property=\"og:site_name\" content=\"Laboratorios Weltmont\" \/>\n<meta property=\"article:publisher\" content=\"https:\/\/www.facebook.com\/laboratoriosweltmont\" \/>\n<meta property=\"article:modified_time\" content=\"2023-08-17T10:35:18+00:00\" \/>\n<meta name=\"twitter:card\" content=\"summary_large_image\" \/>\n<meta name=\"twitter:label1\" content=\"Est. reading time\" \/>\n\t<meta name=\"twitter:data1\" content=\"4 minutes\" \/>\n<script type=\"application\/ld+json\" class=\"yoast-schema-graph\">{\"@context\":\"https:\/\/schema.org\",\"@graph\":[{\"@type\":\"WebPage\",\"@id\":\"https:\/\/www.weltmont.com\/politica-de-privacidad\/\",\"url\":\"https:\/\/www.weltmont.com\/politica-de-privacidad\/\",\"name\":\"Pol\u00edtica de privacidad - Laboratorios Weltmont\",\"isPartOf\":{\"@id\":\"https:\/\/www.weltmont.com\/#website\"},\"datePublished\":\"2023-08-17T10:33:21+00:00\",\"dateModified\":\"2023-08-17T10:35:18+00:00\",\"breadcrumb\":{\"@id\":\"https:\/\/www.weltmont.com\/politica-de-privacidad\/#breadcrumb\"},\"inLanguage\":\"en-US\",\"potentialAction\":[{\"@type\":\"ReadAction\",\"target\":[\"https:\/\/www.weltmont.com\/politica-de-privacidad\/\"]}]},{\"@type\":\"BreadcrumbList\",\"@id\":\"https:\/\/www.weltmont.com\/politica-de-privacidad\/#breadcrumb\",\"itemListElement\":[{\"@type\":\"ListItem\",\"position\":1,\"name\":\"Portada\",\"item\":\"https:\/\/www.weltmont.com\/\"},{\"@type\":\"ListItem\",\"position\":2,\"name\":\"Pol\u00edtica de privacidad\"}]},{\"@type\":\"WebSite\",\"@id\":\"https:\/\/www.weltmont.com\/#website\",\"url\":\"https:\/\/www.weltmont.com\/\",\"name\":\"Laboratorios Weltmont\",\"description\":\"Pioneros en el desarrollo de paraprobi\u00f3ticos\",\"publisher\":{\"@id\":\"https:\/\/www.weltmont.com\/#organization\"},\"potentialAction\":[{\"@type\":\"SearchAction\",\"target\":{\"@type\":\"EntryPoint\",\"urlTemplate\":\"https:\/\/www.weltmont.com\/?s={search_term_string}\"},\"query-input\":{\"@type\":\"PropertyValueSpecification\",\"valueRequired\":true,\"valueName\":\"search_term_string\"}}],\"inLanguage\":\"en-US\"},{\"@type\":\"Organization\",\"@id\":\"https:\/\/www.weltmont.com\/#organization\",\"name\":\"Laboratorios Weltmont\",\"url\":\"https:\/\/www.weltmont.com\/\",\"logo\":{\"@type\":\"ImageObject\",\"inLanguage\":\"en-US\",\"@id\":\"https:\/\/www.weltmont.com\/#\/schema\/logo\/image\/\",\"url\":\"https:\/\/www.weltmont.com\/wp-content\/uploads\/2023\/07\/cropped-Welmont.png\",\"contentUrl\":\"https:\/\/www.weltmont.com\/wp-content\/uploads\/2023\/07\/cropped-Welmont.png\",\"width\":567,\"height\":203,\"caption\":\"Laboratorios Weltmont\"},\"image\":{\"@id\":\"https:\/\/www.weltmont.com\/#\/schema\/logo\/image\/\"},\"sameAs\":[\"https:\/\/www.facebook.com\/laboratoriosweltmont\"]}]}<\/script>\n<!-- \/ Yoast SEO plugin. -->","yoast_head_json":{"title":"Pol\u00edtica de privacidad - Laboratorios Weltmont","robots":{"index":"index","follow":"follow","max-snippet":"max-snippet:-1","max-image-preview":"max-image-preview:large","max-video-preview":"max-video-preview:-1"},"canonical":"https:\/\/www.weltmont.com\/en\/politica-de-privacidad\/","og_locale":"en_US","og_type":"article","og_title":"Pol\u00edtica de privacidad - Laboratorios Weltmont","og_description":"Pol\u00edtica de privacidad En cumplimiento de la normativa vigente en materia de protecci\u00f3n de datos, Weltmont, como responsable del sitio web, informa a todos los usuarios que faciliten o vayan a facilitar sus datos personales, que estos ser\u00e1n objeto de tratamiento que se haya registrado entre las actividades de tratamiento de Weltmont, conforme a lo &hellip; Pol\u00edtica de privacidad Read More &raquo;","og_url":"https:\/\/www.weltmont.com\/en\/politica-de-privacidad\/","og_site_name":"Laboratorios Weltmont","article_publisher":"https:\/\/www.facebook.com\/laboratoriosweltmont","article_modified_time":"2023-08-17T10:35:18+00:00","twitter_card":"summary_large_image","twitter_misc":{"Est. reading time":"4 minutes"},"schema":{"@context":"https:\/\/schema.org","@graph":[{"@type":"WebPage","@id":"https:\/\/www.weltmont.com\/politica-de-privacidad\/","url":"https:\/\/www.weltmont.com\/politica-de-privacidad\/","name":"Pol\u00edtica de privacidad - Laboratorios Weltmont","isPartOf":{"@id":"https:\/\/www.weltmont.com\/#website"},"datePublished":"2023-08-17T10:33:21+00:00","dateModified":"2023-08-17T10:35:18+00:00","breadcrumb":{"@id":"https:\/\/www.weltmont.com\/politica-de-privacidad\/#breadcrumb"},"inLanguage":"en-US","potentialAction":[{"@type":"ReadAction","target":["https:\/\/www.weltmont.com\/politica-de-privacidad\/"]}]},{"@type":"BreadcrumbList","@id":"https:\/\/www.weltmont.com\/politica-de-privacidad\/#breadcrumb","itemListElement":[{"@type":"ListItem","position":1,"name":"Portada","item":"https:\/\/www.weltmont.com\/"},{"@type":"ListItem","position":2,"name":"Pol\u00edtica de privacidad"}]},{"@type":"WebSite","@id":"https:\/\/www.weltmont.com\/#website","url":"https:\/\/www.weltmont.com\/","name":"Laboratorios Weltmont","description":"Pioneros en el desarrollo de paraprobi\u00f3ticos","publisher":{"@id":"https:\/\/www.weltmont.com\/#organization"},"potentialAction":[{"@type":"SearchAction","target":{"@type":"EntryPoint","urlTemplate":"https:\/\/www.weltmont.com\/?s={search_term_string}"},"query-input":{"@type":"PropertyValueSpecification","valueRequired":true,"valueName":"search_term_string"}}],"inLanguage":"en-US"},{"@type":"Organization","@id":"https:\/\/www.weltmont.com\/#organization","name":"Laboratorios Weltmont","url":"https:\/\/www.weltmont.com\/","logo":{"@type":"ImageObject","inLanguage":"en-US","@id":"https:\/\/www.weltmont.com\/#\/schema\/logo\/image\/","url":"https:\/\/www.weltmont.com\/wp-content\/uploads\/2023\/07\/cropped-Welmont.png","contentUrl":"https:\/\/www.weltmont.com\/wp-content\/uploads\/2023\/07\/cropped-Welmont.png","width":567,"height":203,"caption":"Laboratorios Weltmont"},"image":{"@id":"https:\/\/www.weltmont.com\/#\/schema\/logo\/image\/"},"sameAs":["https:\/\/www.facebook.com\/laboratoriosweltmont"]}]}},"_links":{"self":[{"href":"https:\/\/www.weltmont.com\/en\/wp-json\/wp\/v2\/pages\/5706","targetHints":{"allow":["GET"]}}],"collection":[{"href":"https:\/\/www.weltmont.com\/en\/wp-json\/wp\/v2\/pages"}],"about":[{"href":"https:\/\/www.weltmont.com\/en\/wp-json\/wp\/v2\/types\/page"}],"author":[{"embeddable":true,"href":"https:\/\/www.weltmont.com\/en\/wp-json\/wp\/v2\/users\/1"}],"replies":[{"embeddable":true,"href":"https:\/\/www.weltmont.com\/en\/wp-json\/wp\/v2\/comments?post=5706"}],"version-history":[{"count":7,"href":"https:\/\/www.weltmont.com\/en\/wp-json\/wp\/v2\/pages\/5706\/revisions"}],"predecessor-version":[{"id":5717,"href":"https:\/\/www.weltmont.com\/en\/wp-json\/wp\/v2\/pages\/5706\/revisions\/5717"}],"wp:attachment":[{"href":"https:\/\/www.weltmont.com\/en\/wp-json\/wp\/v2\/media?parent=5706"}],"curies":[{"name":"wp","href":"https:\/\/api.w.org\/{rel}","templated":true}]}}