{"id":5718,"date":"2023-08-17T12:37:06","date_gmt":"2023-08-17T10:37:06","guid":{"rendered":"https:\/\/www.weltmont.com\/?page_id=5718"},"modified":"2023-08-17T12:38:24","modified_gmt":"2023-08-17T10:38:24","slug":"politica-de-cookies","status":"publish","type":"page","link":"https:\/\/www.weltmont.com\/en\/politica-de-cookies\/","title":{"rendered":"Cookie Policy"},"content":{"rendered":"<div data-elementor-type=\"wp-page\" data-elementor-id=\"5718\" class=\"elementor elementor-5718\">\n\t\t\t\t\t\t\t\t\t<section class=\"elementor-section elementor-top-section elementor-element elementor-element-2c6d05fa elementor-section-boxed elementor-section-height-default elementor-section-height-default\" data-id=\"2c6d05fa\" data-element_type=\"section\">\n\t\t\t\t\t\t<div class=\"elementor-container elementor-column-gap-default\">\n\t\t\t\t\t<div class=\"elementor-column elementor-col-100 elementor-top-column elementor-element elementor-element-2586aac3\" data-id=\"2586aac3\" data-element_type=\"column\">\n\t\t\t<div class=\"elementor-widget-wrap elementor-element-populated\">\n\t\t\t\t\t\t\t\t<div class=\"elementor-element elementor-element-2602be51 elementor-widget elementor-widget-heading\" data-id=\"2602be51\" data-element_type=\"widget\" data-widget_type=\"heading.default\">\n\t\t\t\t<div class=\"elementor-widget-container\">\n\t\t\t<style>\/*! elementor - v3.14.0 - 26-06-2023 *\/\n.elementor-heading-title{padding:0;margin:0;line-height:1}.elementor-widget-heading .elementor-heading-title[class*=elementor-size-]>a{color:inherit;font-size:inherit;line-height:inherit}.elementor-widget-heading .elementor-heading-title.elementor-size-small{font-size:15px}.elementor-widget-heading .elementor-heading-title.elementor-size-medium{font-size:19px}.elementor-widget-heading .elementor-heading-title.elementor-size-large{font-size:29px}.elementor-widget-heading .elementor-heading-title.elementor-size-xl{font-size:39px}.elementor-widget-heading .elementor-heading-title.elementor-size-xxl{font-size:59px}<\/style><h2 class=\"elementor-heading-title elementor-size-default\">Cookie Policy<\/h2>\t\t<\/div>\n\t\t\t\t<\/div>\n\t\t\t\t\t<\/div>\n\t\t<\/div>\n\t\t\t\t\t\t\t<\/div>\n\t\t<\/section>\n\t\t\t\t<section class=\"elementor-section elementor-top-section elementor-element elementor-element-abf059e elementor-section-boxed elementor-section-height-default elementor-section-height-default\" data-id=\"abf059e\" data-element_type=\"section\">\n\t\t\t\t\t\t<div class=\"elementor-container elementor-column-gap-default\">\n\t\t\t\t\t<div class=\"elementor-column elementor-col-100 elementor-top-column elementor-element elementor-element-41927553\" data-id=\"41927553\" data-element_type=\"column\">\n\t\t\t<div class=\"elementor-widget-wrap elementor-element-populated\">\n\t\t\t\t\t\t\t\t<div class=\"elementor-element elementor-element-4c2aac81 elementor-widget elementor-widget-text-editor\" data-id=\"4c2aac81\" data-element_type=\"widget\" data-widget_type=\"text-editor.default\">\n\t\t\t\t<div class=\"elementor-widget-container\">\n\t\t\t<style>\/*! elementor - v3.14.0 - 26-06-2023 *\/\n.elementor-widget-text-editor.elementor-drop-cap-view-stacked .elementor-drop-cap{background-color:#69727d;color:#fff}.elementor-widget-text-editor.elementor-drop-cap-view-framed .elementor-drop-cap{color:#69727d;border:3px solid;background-color:transparent}.elementor-widget-text-editor:not(.elementor-drop-cap-view-default) .elementor-drop-cap{margin-top:8px}.elementor-widget-text-editor:not(.elementor-drop-cap-view-default) .elementor-drop-cap-letter{width:1em;height:1em}.elementor-widget-text-editor .elementor-drop-cap{float:left;text-align:center;line-height:1;font-size:50px}.elementor-widget-text-editor .elementor-drop-cap-letter{display:inline-block}<\/style>\t\t\t\t<p>This Cookie Policy explains what cookies are and how we use them; the types of cookies we use, i.e., the information we collect through cookies and how that information is used; and how to control cookie preferences.<\/p><p>For more information on how we use, store and keep your personal data secure, please visit our Privacy Policy. You can modify or withdraw your consent at any time in the Cookie Statement on our website.<\/p><p>The consent applies to the following domains: <a href=\"https:\/\/www.weltmont.com\/en\/\">www.weltmont.com<\/a><\/p><p><strong>What is a cookie?<\/strong><\/p><p>What is a cookie? A cookie is a small text file that is stored in your browser when you visit almost any web page. Its usefulness is that the web is able to remember your visit when you return to browse that page. Cookies usually store technical information, personal preferences, personalization of content, usage statistics, links to social networks, access to user accounts, etc.. The purpose of the cookie is to adapt the content of the website to your profile and needs.<\/p><p>Like most websites, in <a href=\"https:\/\/www.weltmont.com\/en\/\">www.weltmont.com<\/a> we use third-party cookies for a variety of purposes. Third-party cookies used on our website primarily serve to understand how the website works, how users interact with our website, keep our services secure, provide advertisements that are relevant to the user, and ultimately provide an enhanced online experience and help speed up future interactions with our website. This website uses the following third party cookies:<\/p><ul><li>Social networks: each social network uses its own cookies so that you can click on Like or Share buttons.<\/li><\/ul><p><strong>Types of cookies<\/strong><\/p><ul><li><strong>Necessary: <\/strong>Necessary cookies are crucial to the basic functions of the website and the website will not function as intended without them. These cookies do not store any personally identifiable data.<\/li><li><strong>Functional:<\/strong> Functional cookies help perform certain functionalities, such as sharing website content on social media platforms, collecting feedback and other third party features.<\/li><li><strong>Analytical:\u00a0<\/strong>Analytical cookies are used to understand how visitors interact with the website. These cookies help provide information on metrics such as number of visitors, bounce rate, traffic source, etc.<\/li><li><strong>Performance:\u00a0<\/strong>Performance cookies are used to understand and analyze key performance metrics of the website, which helps provide a better user experience for visitors.<\/li><li><strong>Advertising: <\/strong>Advertising cookies are used to deliver personalized ads to visitors based on the pages they visited before and to analyze the effectiveness of the advertising campaign.<\/li><\/ul><p>The cookies used on this website are listed below:<\/p><table class=\"default\"><tbody><tr><td style=\"font-weight: bold;\">Code<\/td><td style=\"font-weight: bold;\">Type of cookie<\/td><td style=\"font-weight: bold;\">Estimated duration<\/td><td style=\"font-weight: bold;\">Description<\/td><\/tr><tr><td>_zcsr_tmp<\/td><td>Necessary.<\/td><td>During login.<\/td><td>Cookie required for the web access function.<\/td><\/tr><tr><td>cookielawinfo-checkbox-necessary<\/td><td>Necessary.<\/td><td>Session 1 day.<\/td><td>Determines whether the visitor has accepted the cookie consent box.<\/td><\/tr><tr><td>cookielawinfo-checkbox-non-necessary<\/td><td>Necessary.<\/td><td>Session 1 day.<\/td><td>Determines whether the visitor has accepted the cookie consent box.<\/td><\/tr><tr><td>test_cookie<\/td><td>Necessary.<\/td><td>1 day.<\/td><td>Used to know if the user accepts cookies.<\/td><\/tr><tr><td>_gclxxxx<\/td><td>Performance.<\/td><td>90 days.<\/td><td>Google tracking cookie.<\/td><\/tr><tr><td>_ga<\/td><td>Performance.<\/td><td>730 days.<\/td><td>It records a unique ID that is used to generate statistical data about how the visitor uses the website.<\/td><\/tr><tr><td>utsdb<\/td><td>Performance.<\/td><td>Persistent.<\/td><td>It records data on visitor behavior on the website. This is used for internal analysis and web optimization.<\/td><\/tr><tr><td>s_vi<\/td><td>Performance.<\/td><td>729 days.<\/td><td>Cookie that identifies unique visitors to the site.<\/td><\/tr><tr><td>_fbp<\/td><td>Advertising.<\/td><td>89 days.<\/td><td>Cookie that identifies unique visitorsFacebook cookie that allows to embed some of its services on our website. of the site.<\/td><\/tr><\/tbody><\/table><p><strong>Configure cookie preferences:<\/strong><\/p><p>What happens if I disable cookies?<br \/>To help you understand the extent to which you can disable cookies, here are some examples:<br \/>- You may not share content from that website on Facebook, Twitter or any other social network.<br \/>- The website will not be able to adapt the contents to your personal preferences, as is often the case with online stores.<br \/>- Online stores: It will be impossible for you to make purchases online, you will have to make them by phone or by visiting the physical store if you have one.<br \/>- The website will not be able to perform web analytics on visitors and web traffic, which will make it difficult for the website to be competitive.<br \/>- All social networks use cookies, if you disable them you will not be able to use any social network.<\/p><p><strong>Can cookies be deleted?<\/strong><\/p><p>Yes, not only deleting, but also blocking, in general or for a specific domain.<br \/>To delete cookies from a website you must go to your browser settings and there you can search for those associated with the domain in question and delete them.<\/p>\t\t\t\t\t\t<\/div>\n\t\t\t\t<\/div>\n\t\t\t\t\t<\/div>\n\t\t<\/div>\n\t\t\t\t\t\t\t<\/div>\n\t\t<\/section>\n\t\t\t\t\t\t\t<\/div>","protected":false},"excerpt":{"rendered":"<p>Pol\u00edtica de cookies Esta Pol\u00edtica de Cookies explica qu\u00e9 son las cookies y c\u00f3mo las utilizamos; los tipos de cookies que utilizamos, es decir, la informaci\u00f3n que recopilamos mediante las cookies y c\u00f3mo se utiliza esa informaci\u00f3n; y c\u00f3mo controlar las preferencias de las cookies. Para m\u00e1s informaci\u00f3n sobre c\u00f3mo utilizamos, almacenamos y mantenemos seguros &hellip;<\/p>\n<p class=\"read-more\"> <a class=\"\" href=\"https:\/\/www.weltmont.com\/en\/politica-de-cookies\/\"> <span class=\"screen-reader-text\">Cookie Policy<\/span> Read More &raquo;<\/a><\/p>","protected":false},"author":1,"featured_media":0,"parent":0,"menu_order":0,"comment_status":"closed","ping_status":"closed","template":"","meta":{"site-sidebar-layout":"no-sidebar","site-content-layout":"page-builder","ast-global-header-display":"","ast-banner-title-visibility":"","ast-main-header-display":"","ast-hfb-above-header-display":"","ast-hfb-below-header-display":"","ast-hfb-mobile-header-display":"","site-post-title":"disabled","ast-breadcrumbs-content":"","ast-featured-img":"disabled","footer-sml-layout":"","theme-transparent-header-meta":"","adv-header-id-meta":"","stick-header-meta":"","header-above-stick-meta":"","header-main-stick-meta":"","header-below-stick-meta":"","footnotes":""},"class_list":["post-5718","page","type-page","status-publish","hentry"],"yoast_head":"<!-- This site is optimized with the Yoast SEO plugin v25.1 - https:\/\/yoast.com\/wordpress\/plugins\/seo\/ -->\n<title>Pol\u00edtica de cookies - Laboratorios Weltmont<\/title>\n<meta name=\"robots\" content=\"index, follow, max-snippet:-1, max-image-preview:large, max-video-preview:-1\" \/>\n<link rel=\"canonical\" href=\"https:\/\/www.weltmont.com\/en\/politica-de-cookies\/\" \/>\n<meta property=\"og:locale\" content=\"en_US\" \/>\n<meta property=\"og:type\" content=\"article\" \/>\n<meta property=\"og:title\" content=\"Pol\u00edtica de cookies - Laboratorios Weltmont\" \/>\n<meta property=\"og:description\" content=\"Pol\u00edtica de cookies Esta Pol\u00edtica de Cookies explica qu\u00e9 son las cookies y c\u00f3mo las utilizamos; los tipos de cookies que utilizamos, es decir, la informaci\u00f3n que recopilamos mediante las cookies y c\u00f3mo se utiliza esa informaci\u00f3n; y c\u00f3mo controlar las preferencias de las cookies. Para m\u00e1s informaci\u00f3n sobre c\u00f3mo utilizamos, almacenamos y mantenemos seguros &hellip; Pol\u00edtica de cookies Read More &raquo;\" \/>\n<meta property=\"og:url\" content=\"https:\/\/www.weltmont.com\/en\/politica-de-cookies\/\" \/>\n<meta property=\"og:site_name\" content=\"Laboratorios Weltmont\" \/>\n<meta property=\"article:publisher\" content=\"https:\/\/www.facebook.com\/laboratoriosweltmont\" \/>\n<meta property=\"article:modified_time\" content=\"2023-08-17T10:38:24+00:00\" \/>\n<meta name=\"twitter:card\" content=\"summary_large_image\" \/>\n<meta name=\"twitter:label1\" content=\"Est. reading time\" \/>\n\t<meta name=\"twitter:data1\" content=\"4 minutes\" \/>\n<script type=\"application\/ld+json\" class=\"yoast-schema-graph\">{\"@context\":\"https:\/\/schema.org\",\"@graph\":[{\"@type\":\"WebPage\",\"@id\":\"https:\/\/www.weltmont.com\/politica-de-cookies\/\",\"url\":\"https:\/\/www.weltmont.com\/politica-de-cookies\/\",\"name\":\"Pol\u00edtica de cookies - Laboratorios Weltmont\",\"isPartOf\":{\"@id\":\"https:\/\/www.weltmont.com\/#website\"},\"datePublished\":\"2023-08-17T10:37:06+00:00\",\"dateModified\":\"2023-08-17T10:38:24+00:00\",\"breadcrumb\":{\"@id\":\"https:\/\/www.weltmont.com\/politica-de-cookies\/#breadcrumb\"},\"inLanguage\":\"en-US\",\"potentialAction\":[{\"@type\":\"ReadAction\",\"target\":[\"https:\/\/www.weltmont.com\/politica-de-cookies\/\"]}]},{\"@type\":\"BreadcrumbList\",\"@id\":\"https:\/\/www.weltmont.com\/politica-de-cookies\/#breadcrumb\",\"itemListElement\":[{\"@type\":\"ListItem\",\"position\":1,\"name\":\"Portada\",\"item\":\"https:\/\/www.weltmont.com\/\"},{\"@type\":\"ListItem\",\"position\":2,\"name\":\"Pol\u00edtica de cookies\"}]},{\"@type\":\"WebSite\",\"@id\":\"https:\/\/www.weltmont.com\/#website\",\"url\":\"https:\/\/www.weltmont.com\/\",\"name\":\"Laboratorios Weltmont\",\"description\":\"Pioneros en el desarrollo de paraprobi\u00f3ticos\",\"publisher\":{\"@id\":\"https:\/\/www.weltmont.com\/#organization\"},\"potentialAction\":[{\"@type\":\"SearchAction\",\"target\":{\"@type\":\"EntryPoint\",\"urlTemplate\":\"https:\/\/www.weltmont.com\/?s={search_term_string}\"},\"query-input\":{\"@type\":\"PropertyValueSpecification\",\"valueRequired\":true,\"valueName\":\"search_term_string\"}}],\"inLanguage\":\"en-US\"},{\"@type\":\"Organization\",\"@id\":\"https:\/\/www.weltmont.com\/#organization\",\"name\":\"Laboratorios Weltmont\",\"url\":\"https:\/\/www.weltmont.com\/\",\"logo\":{\"@type\":\"ImageObject\",\"inLanguage\":\"en-US\",\"@id\":\"https:\/\/www.weltmont.com\/#\/schema\/logo\/image\/\",\"url\":\"https:\/\/www.weltmont.com\/wp-content\/uploads\/2023\/07\/cropped-Welmont.png\",\"contentUrl\":\"https:\/\/www.weltmont.com\/wp-content\/uploads\/2023\/07\/cropped-Welmont.png\",\"width\":567,\"height\":203,\"caption\":\"Laboratorios Weltmont\"},\"image\":{\"@id\":\"https:\/\/www.weltmont.com\/#\/schema\/logo\/image\/\"},\"sameAs\":[\"https:\/\/www.facebook.com\/laboratoriosweltmont\"]}]}<\/script>\n<!-- \/ Yoast SEO plugin. -->","yoast_head_json":{"title":"Pol\u00edtica de cookies - Laboratorios Weltmont","robots":{"index":"index","follow":"follow","max-snippet":"max-snippet:-1","max-image-preview":"max-image-preview:large","max-video-preview":"max-video-preview:-1"},"canonical":"https:\/\/www.weltmont.com\/en\/politica-de-cookies\/","og_locale":"en_US","og_type":"article","og_title":"Pol\u00edtica de cookies - Laboratorios Weltmont","og_description":"Pol\u00edtica de cookies Esta Pol\u00edtica de Cookies explica qu\u00e9 son las cookies y c\u00f3mo las utilizamos; los tipos de cookies que utilizamos, es decir, la informaci\u00f3n que recopilamos mediante las cookies y c\u00f3mo se utiliza esa informaci\u00f3n; y c\u00f3mo controlar las preferencias de las cookies. Para m\u00e1s informaci\u00f3n sobre c\u00f3mo utilizamos, almacenamos y mantenemos seguros &hellip; Pol\u00edtica de cookies Read More &raquo;","og_url":"https:\/\/www.weltmont.com\/en\/politica-de-cookies\/","og_site_name":"Laboratorios Weltmont","article_publisher":"https:\/\/www.facebook.com\/laboratoriosweltmont","article_modified_time":"2023-08-17T10:38:24+00:00","twitter_card":"summary_large_image","twitter_misc":{"Est. reading time":"4 minutes"},"schema":{"@context":"https:\/\/schema.org","@graph":[{"@type":"WebPage","@id":"https:\/\/www.weltmont.com\/politica-de-cookies\/","url":"https:\/\/www.weltmont.com\/politica-de-cookies\/","name":"Pol\u00edtica de cookies - Laboratorios Weltmont","isPartOf":{"@id":"https:\/\/www.weltmont.com\/#website"},"datePublished":"2023-08-17T10:37:06+00:00","dateModified":"2023-08-17T10:38:24+00:00","breadcrumb":{"@id":"https:\/\/www.weltmont.com\/politica-de-cookies\/#breadcrumb"},"inLanguage":"en-US","potentialAction":[{"@type":"ReadAction","target":["https:\/\/www.weltmont.com\/politica-de-cookies\/"]}]},{"@type":"BreadcrumbList","@id":"https:\/\/www.weltmont.com\/politica-de-cookies\/#breadcrumb","itemListElement":[{"@type":"ListItem","position":1,"name":"Portada","item":"https:\/\/www.weltmont.com\/"},{"@type":"ListItem","position":2,"name":"Pol\u00edtica de cookies"}]},{"@type":"WebSite","@id":"https:\/\/www.weltmont.com\/#website","url":"https:\/\/www.weltmont.com\/","name":"Laboratorios Weltmont","description":"Pioneros en el desarrollo de paraprobi\u00f3ticos","publisher":{"@id":"https:\/\/www.weltmont.com\/#organization"},"potentialAction":[{"@type":"SearchAction","target":{"@type":"EntryPoint","urlTemplate":"https:\/\/www.weltmont.com\/?s={search_term_string}"},"query-input":{"@type":"PropertyValueSpecification","valueRequired":true,"valueName":"search_term_string"}}],"inLanguage":"en-US"},{"@type":"Organization","@id":"https:\/\/www.weltmont.com\/#organization","name":"Laboratorios Weltmont","url":"https:\/\/www.weltmont.com\/","logo":{"@type":"ImageObject","inLanguage":"en-US","@id":"https:\/\/www.weltmont.com\/#\/schema\/logo\/image\/","url":"https:\/\/www.weltmont.com\/wp-content\/uploads\/2023\/07\/cropped-Welmont.png","contentUrl":"https:\/\/www.weltmont.com\/wp-content\/uploads\/2023\/07\/cropped-Welmont.png","width":567,"height":203,"caption":"Laboratorios Weltmont"},"image":{"@id":"https:\/\/www.weltmont.com\/#\/schema\/logo\/image\/"},"sameAs":["https:\/\/www.facebook.com\/laboratoriosweltmont"]}]}},"_links":{"self":[{"href":"https:\/\/www.weltmont.com\/en\/wp-json\/wp\/v2\/pages\/5718","targetHints":{"allow":["GET"]}}],"collection":[{"href":"https:\/\/www.weltmont.com\/en\/wp-json\/wp\/v2\/pages"}],"about":[{"href":"https:\/\/www.weltmont.com\/en\/wp-json\/wp\/v2\/types\/page"}],"author":[{"embeddable":true,"href":"https:\/\/www.weltmont.com\/en\/wp-json\/wp\/v2\/users\/1"}],"replies":[{"embeddable":true,"href":"https:\/\/www.weltmont.com\/en\/wp-json\/wp\/v2\/comments?post=5718"}],"version-history":[{"count":4,"href":"https:\/\/www.weltmont.com\/en\/wp-json\/wp\/v2\/pages\/5718\/revisions"}],"predecessor-version":[{"id":5725,"href":"https:\/\/www.weltmont.com\/en\/wp-json\/wp\/v2\/pages\/5718\/revisions\/5725"}],"wp:attachment":[{"href":"https:\/\/www.weltmont.com\/en\/wp-json\/wp\/v2\/media?parent=5718"}],"curies":[{"name":"wp","href":"https:\/\/api.w.org\/{rel}","templated":true}]}}