{"id":5624,"date":"2023-08-10T13:06:14","date_gmt":"2023-08-10T11:06:14","guid":{"rendered":"https:\/\/www.weltmont.com\/producto\/disbiosin-15-caps\/"},"modified":"2026-04-16T07:36:42","modified_gmt":"2026-04-16T05:36:42","slug":"disbiosin-15-caps","status":"publish","type":"product","link":"https:\/\/www.weltmont.com\/en\/paraprobiotico\/disbiosin-15-caps\/","title":{"rendered":"DISBIOSIN 15 c\u00e1ps."},"content":{"rendered":"<p>Paraprobi\u00f3tico (Disbiosin) a base de fermentos l\u00e1cticos vivos, fermentos l\u00e1cticos tindalizados e inulina.<\/p>\n<p>C\u00f3digo Nacional de Farmacia de Disbiosin: CN. 199697.8<\/p>","protected":false},"excerpt":{"rendered":"<p>Disbiosin es un paraprobi\u00f3tico a base de fermentos l\u00e1cticos vivos, fermentos l\u00e1cticos tindalizados e inulina.<\/p>","protected":false},"featured_media":5995,"comment_status":"open","ping_status":"closed","template":"","meta":{"site-sidebar-layout":"default","site-content-layout":"default","ast-global-header-display":"","ast-banner-title-visibility":"","ast-main-header-display":"","ast-hfb-above-header-display":"","ast-hfb-below-header-display":"","ast-hfb-mobile-header-display":"","site-post-title":"","ast-breadcrumbs-content":"","ast-featured-img":"","footer-sml-layout":"","theme-transparent-header-meta":"default","adv-header-id-meta":"","stick-header-meta":"","header-above-stick-meta":"","header-main-stick-meta":"","header-below-stick-meta":""},"product_brand":[],"product_cat":[122],"product_tag":[],"class_list":{"0":"post-5624","1":"product","2":"type-product","3":"status-publish","4":"has-post-thumbnail","6":"product_cat-paraprobiotico","7":"desktop-align-left","8":"tablet-align-left","9":"mobile-align-left","11":"first","12":"instock","13":"taxable","14":"shipping-taxable","15":"purchasable","16":"product-type-simple"},"yoast_head":"<!-- This site is optimized with the Yoast SEO plugin v25.1 - https:\/\/yoast.com\/wordpress\/plugins\/seo\/ -->\n<title>DISBIOSIN 15 c\u00e1ps. - Laboratorios Weltmont<\/title>\n<meta name=\"description\" content=\"DISBIOSIN - Paraprobi\u00f3tico a base de fermentos l\u00e1cticos vivos, fermentos l\u00e1cticos tindalizados e inulina.\" \/>\n<meta name=\"robots\" content=\"index, follow, max-snippet:-1, max-image-preview:large, max-video-preview:-1\" \/>\n<link rel=\"canonical\" href=\"https:\/\/www.weltmont.com\/en\/paraprobiotico\/disbiosin-15-caps\/\" \/>\n<meta property=\"og:locale\" content=\"en_US\" \/>\n<meta property=\"og:type\" content=\"article\" \/>\n<meta property=\"og:title\" content=\"DISBIOSIN 15 c\u00e1ps. - Laboratorios Weltmont\" \/>\n<meta property=\"og:description\" content=\"DISBIOSIN - Paraprobi\u00f3tico a base de fermentos l\u00e1cticos vivos, fermentos l\u00e1cticos tindalizados e inulina.\" \/>\n<meta property=\"og:url\" content=\"https:\/\/www.weltmont.com\/en\/paraprobiotico\/disbiosin-15-caps\/\" \/>\n<meta property=\"og:site_name\" content=\"Laboratorios Weltmont\" \/>\n<meta property=\"article:publisher\" content=\"https:\/\/www.facebook.com\/laboratoriosweltmont\" \/>\n<meta property=\"article:modified_time\" content=\"2026-04-16T05:36:42+00:00\" \/>\n<meta property=\"og:image\" content=\"https:\/\/www.weltmont.com\/wp-content\/uploads\/2023\/11\/DISBIOSIN_CAJACERRADA_TRANSPARENTE.png\" \/>\n\t<meta property=\"og:image:width\" content=\"1000\" \/>\n\t<meta property=\"og:image:height\" content=\"1000\" \/>\n\t<meta property=\"og:image:type\" content=\"image\/png\" \/>\n<meta name=\"twitter:card\" content=\"summary_large_image\" \/>\n<meta name=\"twitter:label1\" content=\"Est. reading time\" \/>\n\t<meta name=\"twitter:data1\" content=\"1 minute\" \/>\n<script type=\"application\/ld+json\" class=\"yoast-schema-graph\">{\"@context\":\"https:\/\/schema.org\",\"@graph\":[{\"@type\":\"WebPage\",\"@id\":\"https:\/\/www.weltmont.com\/paraprobiotico\/disbiosin-15-caps\/\",\"url\":\"https:\/\/www.weltmont.com\/paraprobiotico\/disbiosin-15-caps\/\",\"name\":\"DISBIOSIN 15 c\u00e1ps. - Laboratorios Weltmont\",\"isPartOf\":{\"@id\":\"https:\/\/www.weltmont.com\/#website\"},\"primaryImageOfPage\":{\"@id\":\"https:\/\/www.weltmont.com\/paraprobiotico\/disbiosin-15-caps\/#primaryimage\"},\"image\":{\"@id\":\"https:\/\/www.weltmont.com\/paraprobiotico\/disbiosin-15-caps\/#primaryimage\"},\"thumbnailUrl\":\"https:\/\/www.weltmont.com\/wp-content\/uploads\/2023\/11\/DISBIOSIN_CAJACERRADA_TRANSPARENTE.png\",\"datePublished\":\"2023-08-10T11:06:14+00:00\",\"dateModified\":\"2026-04-16T05:36:42+00:00\",\"description\":\"DISBIOSIN - Paraprobi\u00f3tico a base de fermentos l\u00e1cticos vivos, fermentos l\u00e1cticos tindalizados e inulina.\",\"breadcrumb\":{\"@id\":\"https:\/\/www.weltmont.com\/paraprobiotico\/disbiosin-15-caps\/#breadcrumb\"},\"inLanguage\":\"en-US\",\"potentialAction\":[{\"@type\":\"ReadAction\",\"target\":[\"https:\/\/www.weltmont.com\/paraprobiotico\/disbiosin-15-caps\/\"]}]},{\"@type\":\"ImageObject\",\"inLanguage\":\"en-US\",\"@id\":\"https:\/\/www.weltmont.com\/paraprobiotico\/disbiosin-15-caps\/#primaryimage\",\"url\":\"https:\/\/www.weltmont.com\/wp-content\/uploads\/2023\/11\/DISBIOSIN_CAJACERRADA_TRANSPARENTE.png\",\"contentUrl\":\"https:\/\/www.weltmont.com\/wp-content\/uploads\/2023\/11\/DISBIOSIN_CAJACERRADA_TRANSPARENTE.png\",\"width\":1000,\"height\":1000,\"caption\":\"Disbiosin\"},{\"@type\":\"BreadcrumbList\",\"@id\":\"https:\/\/www.weltmont.com\/paraprobiotico\/disbiosin-15-caps\/#breadcrumb\",\"itemListElement\":[{\"@type\":\"ListItem\",\"position\":1,\"name\":\"Portada\",\"item\":\"https:\/\/www.weltmont.com\/\"},{\"@type\":\"ListItem\",\"position\":2,\"name\":\"Productos\",\"item\":\"https:\/\/www.weltmont.com\/shop__trashed\/\"},{\"@type\":\"ListItem\",\"position\":3,\"name\":\"DISBIOSIN 15 c\u00e1ps.\"}]},{\"@type\":\"WebSite\",\"@id\":\"https:\/\/www.weltmont.com\/#website\",\"url\":\"https:\/\/www.weltmont.com\/\",\"name\":\"Laboratorios Weltmont\",\"description\":\"Pioneros en el desarrollo de paraprobi\u00f3ticos\",\"publisher\":{\"@id\":\"https:\/\/www.weltmont.com\/#organization\"},\"potentialAction\":[{\"@type\":\"SearchAction\",\"target\":{\"@type\":\"EntryPoint\",\"urlTemplate\":\"https:\/\/www.weltmont.com\/?s={search_term_string}\"},\"query-input\":{\"@type\":\"PropertyValueSpecification\",\"valueRequired\":true,\"valueName\":\"search_term_string\"}}],\"inLanguage\":\"en-US\"},{\"@type\":\"Organization\",\"@id\":\"https:\/\/www.weltmont.com\/#organization\",\"name\":\"Laboratorios Weltmont\",\"url\":\"https:\/\/www.weltmont.com\/\",\"logo\":{\"@type\":\"ImageObject\",\"inLanguage\":\"en-US\",\"@id\":\"https:\/\/www.weltmont.com\/#\/schema\/logo\/image\/\",\"url\":\"https:\/\/www.weltmont.com\/wp-content\/uploads\/2023\/07\/cropped-Welmont.png\",\"contentUrl\":\"https:\/\/www.weltmont.com\/wp-content\/uploads\/2023\/07\/cropped-Welmont.png\",\"width\":567,\"height\":203,\"caption\":\"Laboratorios Weltmont\"},\"image\":{\"@id\":\"https:\/\/www.weltmont.com\/#\/schema\/logo\/image\/\"},\"sameAs\":[\"https:\/\/www.facebook.com\/laboratoriosweltmont\"]}]}<\/script>\n<!-- \/ Yoast SEO plugin. -->","yoast_head_json":{"title":"DISBIOSIN 15 c\u00e1ps. - Laboratorios Weltmont","description":"DISBIOSIN - Paraprobi\u00f3tico a base de fermentos l\u00e1cticos vivos, fermentos l\u00e1cticos tindalizados e inulina.","robots":{"index":"index","follow":"follow","max-snippet":"max-snippet:-1","max-image-preview":"max-image-preview:large","max-video-preview":"max-video-preview:-1"},"canonical":"https:\/\/www.weltmont.com\/en\/paraprobiotico\/disbiosin-15-caps\/","og_locale":"en_US","og_type":"article","og_title":"DISBIOSIN 15 c\u00e1ps. - Laboratorios Weltmont","og_description":"DISBIOSIN - Paraprobi\u00f3tico a base de fermentos l\u00e1cticos vivos, fermentos l\u00e1cticos tindalizados e inulina.","og_url":"https:\/\/www.weltmont.com\/en\/paraprobiotico\/disbiosin-15-caps\/","og_site_name":"Laboratorios Weltmont","article_publisher":"https:\/\/www.facebook.com\/laboratoriosweltmont","article_modified_time":"2026-04-16T05:36:42+00:00","og_image":[{"url":"https:\/\/www.weltmont.com\/wp-content\/uploads\/2023\/11\/DISBIOSIN_CAJACERRADA_TRANSPARENTE.png","width":1000,"height":1000,"type":"image\/png"}],"twitter_card":"summary_large_image","twitter_misc":{"Est. reading time":"1 minute"},"schema":{"@context":"https:\/\/schema.org","@graph":[{"@type":"WebPage","@id":"https:\/\/www.weltmont.com\/paraprobiotico\/disbiosin-15-caps\/","url":"https:\/\/www.weltmont.com\/paraprobiotico\/disbiosin-15-caps\/","name":"DISBIOSIN 15 c\u00e1ps. - Laboratorios Weltmont","isPartOf":{"@id":"https:\/\/www.weltmont.com\/#website"},"primaryImageOfPage":{"@id":"https:\/\/www.weltmont.com\/paraprobiotico\/disbiosin-15-caps\/#primaryimage"},"image":{"@id":"https:\/\/www.weltmont.com\/paraprobiotico\/disbiosin-15-caps\/#primaryimage"},"thumbnailUrl":"https:\/\/www.weltmont.com\/wp-content\/uploads\/2023\/11\/DISBIOSIN_CAJACERRADA_TRANSPARENTE.png","datePublished":"2023-08-10T11:06:14+00:00","dateModified":"2026-04-16T05:36:42+00:00","description":"DISBIOSIN - Paraprobi\u00f3tico a base de fermentos l\u00e1cticos vivos, fermentos l\u00e1cticos tindalizados e inulina.","breadcrumb":{"@id":"https:\/\/www.weltmont.com\/paraprobiotico\/disbiosin-15-caps\/#breadcrumb"},"inLanguage":"en-US","potentialAction":[{"@type":"ReadAction","target":["https:\/\/www.weltmont.com\/paraprobiotico\/disbiosin-15-caps\/"]}]},{"@type":"ImageObject","inLanguage":"en-US","@id":"https:\/\/www.weltmont.com\/paraprobiotico\/disbiosin-15-caps\/#primaryimage","url":"https:\/\/www.weltmont.com\/wp-content\/uploads\/2023\/11\/DISBIOSIN_CAJACERRADA_TRANSPARENTE.png","contentUrl":"https:\/\/www.weltmont.com\/wp-content\/uploads\/2023\/11\/DISBIOSIN_CAJACERRADA_TRANSPARENTE.png","width":1000,"height":1000,"caption":"Disbiosin"},{"@type":"BreadcrumbList","@id":"https:\/\/www.weltmont.com\/paraprobiotico\/disbiosin-15-caps\/#breadcrumb","itemListElement":[{"@type":"ListItem","position":1,"name":"Portada","item":"https:\/\/www.weltmont.com\/"},{"@type":"ListItem","position":2,"name":"Productos","item":"https:\/\/www.weltmont.com\/shop__trashed\/"},{"@type":"ListItem","position":3,"name":"DISBIOSIN 15 c\u00e1ps."}]},{"@type":"WebSite","@id":"https:\/\/www.weltmont.com\/#website","url":"https:\/\/www.weltmont.com\/","name":"Laboratorios Weltmont","description":"Pioneros en el desarrollo de paraprobi\u00f3ticos","publisher":{"@id":"https:\/\/www.weltmont.com\/#organization"},"potentialAction":[{"@type":"SearchAction","target":{"@type":"EntryPoint","urlTemplate":"https:\/\/www.weltmont.com\/?s={search_term_string}"},"query-input":{"@type":"PropertyValueSpecification","valueRequired":true,"valueName":"search_term_string"}}],"inLanguage":"en-US"},{"@type":"Organization","@id":"https:\/\/www.weltmont.com\/#organization","name":"Laboratorios Weltmont","url":"https:\/\/www.weltmont.com\/","logo":{"@type":"ImageObject","inLanguage":"en-US","@id":"https:\/\/www.weltmont.com\/#\/schema\/logo\/image\/","url":"https:\/\/www.weltmont.com\/wp-content\/uploads\/2023\/07\/cropped-Welmont.png","contentUrl":"https:\/\/www.weltmont.com\/wp-content\/uploads\/2023\/07\/cropped-Welmont.png","width":567,"height":203,"caption":"Laboratorios Weltmont"},"image":{"@id":"https:\/\/www.weltmont.com\/#\/schema\/logo\/image\/"},"sameAs":["https:\/\/www.facebook.com\/laboratoriosweltmont"]}]}},"_links":{"self":[{"href":"https:\/\/www.weltmont.com\/en\/wp-json\/wp\/v2\/product\/5624","targetHints":{"allow":["GET"]}}],"collection":[{"href":"https:\/\/www.weltmont.com\/en\/wp-json\/wp\/v2\/product"}],"about":[{"href":"https:\/\/www.weltmont.com\/en\/wp-json\/wp\/v2\/types\/product"}],"replies":[{"embeddable":true,"href":"https:\/\/www.weltmont.com\/en\/wp-json\/wp\/v2\/comments?post=5624"}],"version-history":[{"count":5,"href":"https:\/\/www.weltmont.com\/en\/wp-json\/wp\/v2\/product\/5624\/revisions"}],"predecessor-version":[{"id":5949,"href":"https:\/\/www.weltmont.com\/en\/wp-json\/wp\/v2\/product\/5624\/revisions\/5949"}],"wp:featuredmedia":[{"embeddable":true,"href":"https:\/\/www.weltmont.com\/en\/wp-json\/wp\/v2\/media\/5995"}],"wp:attachment":[{"href":"https:\/\/www.weltmont.com\/en\/wp-json\/wp\/v2\/media?parent=5624"}],"wp:term":[{"taxonomy":"product_brand","embeddable":true,"href":"https:\/\/www.weltmont.com\/en\/wp-json\/wp\/v2\/product_brand?post=5624"},{"taxonomy":"product_cat","embeddable":true,"href":"https:\/\/www.weltmont.com\/en\/wp-json\/wp\/v2\/product_cat?post=5624"},{"taxonomy":"product_tag","embeddable":true,"href":"https:\/\/www.weltmont.com\/en\/wp-json\/wp\/v2\/product_tag?post=5624"}],"curies":[{"name":"wp","href":"https:\/\/api.w.org\/{rel}","templated":true}]}}